{"id":1753,"date":"2021-03-17T15:24:37","date_gmt":"2021-03-17T14:24:37","guid":{"rendered":"https:\/\/loechnerhaus.de\/?page_id=1753"},"modified":"2021-06-23T15:49:46","modified_gmt":"2021-06-23T13:49:46","slug":"jobs","status":"publish","type":"page","link":"https:\/\/loechnerhaus.de\/en\/jobs\/","title":{"rendered":"Jobs"},"content":{"rendered":"\t\t<div data-elementor-type=\"wp-page\" data-elementor-id=\"1753\" class=\"elementor elementor-1753\" data-elementor-post-type=\"page\">\n\t\t\t\t\t\t<section class=\"elementor-section elementor-top-section elementor-element elementor-element-769f8c3 elementor-section-full_width elementor-section-stretched contentHeader elementor-section-height-default elementor-section-height-default\" data-id=\"769f8c3\" data-element_type=\"section\" data-settings=\"{&quot;background_background&quot;:&quot;classic&quot;,&quot;stretch_section&quot;:&quot;section-stretched&quot;}\">\n\t\t\t\t\t\t<div class=\"elementor-container elementor-column-gap-default\">\n\t\t\t\t\t<div class=\"elementor-column elementor-col-100 elementor-top-column elementor-element elementor-element-83fdc7d\" data-id=\"83fdc7d\" data-element_type=\"column\" data-settings=\"{&quot;background_background&quot;:&quot;classic&quot;}\">\n\t\t\t<div class=\"elementor-widget-wrap elementor-element-populated\">\n\t\t\t\t\t\t<div class=\"elementor-element elementor-element-e99d26c headerImageContent elementor-widget elementor-widget-text-editor\" data-id=\"e99d26c\" data-element_type=\"widget\" data-widget_type=\"text-editor.default\">\n\t\t\t\t<div class=\"elementor-widget-container\">\n\t\t\t\t\t\t\t\t\t<h1>Arbeiten im<br \/><strong>Strandhotel<\/strong><\/h1><p><a class=\"button hidden\">hidden<\/a><\/p>\t\t\t\t\t\t\t\t<\/div>\n\t\t\t\t<\/div>\n\t\t\t\t\t<\/div>\n\t\t<\/div>\n\t\t\t\t\t<\/div>\n\t\t<\/section>\n\t\t\t\t<section class=\"elementor-section elementor-top-section elementor-element elementor-element-f52b365 bigText elementor-section-boxed elementor-section-height-default elementor-section-height-default\" data-id=\"f52b365\" data-element_type=\"section\">\n\t\t\t\t\t\t<div class=\"elementor-container elementor-column-gap-default\">\n\t\t\t\t\t<div class=\"elementor-column elementor-col-100 elementor-top-column elementor-element elementor-element-4888384\" data-id=\"4888384\" data-element_type=\"column\">\n\t\t\t<div class=\"elementor-widget-wrap elementor-element-populated\">\n\t\t\t\t\t\t<div class=\"elementor-element elementor-element-7751adf elementor-widget elementor-widget-text-editor\" data-id=\"7751adf\" data-element_type=\"widget\" data-widget_type=\"text-editor.default\">\n\t\t\t\t<div class=\"elementor-widget-container\">\n\t\t\t\t\t\t\t\t\t<h3>Ausbildung und Stellenangebote<\/h3><h2>Arbeiten, wo andere Urlaub machen<\/h2><p>Ob Dubai, New York, Hawaii, auf einem Kreuzfahrtschiff oder mitten am Bodensee \u2013 Ihre T\u00e4tigkeit in einer der sch\u00f6nsten Ferienregionen Deutschlands verbindet das abwechslungsreiche Arbeitsumfeld mit einem ganz besonderen Freizeit- und Erholungswert. Ihre m\u00f6glichen Perspektiven im Strandhotel L\u00f6chnerhaus sind vielf\u00e4ltig und jederzeit auf Ihre pers\u00f6nlichen Bed\u00fcrfnisse ausgerichtet. Ob Ausbildung, Mitarbeit in Teilzeit oder Passion in Vollzeit: informieren Sie sich \u00fcber unsere Ausbildungs- und Jobangebote. Und bewerben Sie sich \u2013 gleich jetzt. Gerne treten wir pers\u00f6nlich mit Ihnen in Kontakt.<\/p><p><a class=\"button\" href=\"#jobs\">Jetzt bewerben<\/a><\/p>\t\t\t\t\t\t\t\t<\/div>\n\t\t\t\t<\/div>\n\t\t\t\t\t<\/div>\n\t\t<\/div>\n\t\t\t\t\t<\/div>\n\t\t<\/section>\n\t\t\t\t<section class=\"elementor-section elementor-top-section elementor-element elementor-element-0cdb063 elementor-section-boxed elementor-section-height-default elementor-section-height-default\" data-id=\"0cdb063\" data-element_type=\"section\">\n\t\t\t\t\t\t<div class=\"elementor-container elementor-column-gap-default\">\n\t\t\t\t\t<div class=\"elementor-column elementor-col-100 elementor-top-column elementor-element elementor-element-95e9ee8\" data-id=\"95e9ee8\" data-element_type=\"column\">\n\t\t\t<div class=\"elementor-widget-wrap elementor-element-populated\">\n\t\t\t\t\t\t<div class=\"elementor-element elementor-element-d44c07b elementor-widget elementor-widget-spacer\" data-id=\"d44c07b\" data-element_type=\"widget\" data-widget_type=\"spacer.default\">\n\t\t\t\t<div class=\"elementor-widget-container\">\n\t\t\t\t\t\t\t<div class=\"elementor-spacer\">\n\t\t\t<div class=\"elementor-spacer-inner\"><\/div>\n\t\t<\/div>\n\t\t\t\t\t\t<\/div>\n\t\t\t\t<\/div>\n\t\t\t\t<div class=\"elementor-element elementor-element-0bc6b62 elementor-widget elementor-widget-menu-anchor\" data-id=\"0bc6b62\" data-element_type=\"widget\" data-widget_type=\"menu-anchor.default\">\n\t\t\t\t<div class=\"elementor-widget-container\">\n\t\t\t\t\t\t\t<div class=\"elementor-menu-anchor\" id=\"jobs\"><\/div>\n\t\t\t\t\t\t<\/div>\n\t\t\t\t<\/div>\n\t\t\t\t\t<\/div>\n\t\t<\/div>\n\t\t\t\t\t<\/div>\n\t\t<\/section>\n\t\t\t\t<section class=\"elementor-section elementor-top-section elementor-element elementor-element-06b9966 elementor-section-boxed elementor-section-height-default elementor-section-height-default\" data-id=\"06b9966\" data-element_type=\"section\">\n\t\t\t\t\t\t<div class=\"elementor-container elementor-column-gap-default\">\n\t\t\t\t\t<div class=\"elementor-column elementor-col-100 elementor-top-column elementor-element elementor-element-b0097de\" data-id=\"b0097de\" data-element_type=\"column\">\n\t\t\t<div class=\"elementor-widget-wrap elementor-element-populated\">\n\t\t\t\t\t\t<div class=\"elementor-element elementor-element-d90e2cc elementor-widget elementor-widget-spacer\" data-id=\"d90e2cc\" data-element_type=\"widget\" data-widget_type=\"spacer.default\">\n\t\t\t\t<div class=\"elementor-widget-container\">\n\t\t\t\t\t\t\t<div class=\"elementor-spacer\">\n\t\t\t<div class=\"elementor-spacer-inner\"><\/div>\n\t\t<\/div>\n\t\t\t\t\t\t<\/div>\n\t\t\t\t<\/div>\n\t\t\t\t<div class=\"elementor-element elementor-element-226d43b elementor-widget elementor-widget-text-editor\" data-id=\"226d43b\" data-element_type=\"widget\" data-widget_type=\"text-editor.default\">\n\t\t\t\t<div class=\"elementor-widget-container\">\n\t\t\t\t\t\t\t\t\t<h3>Arbeiten am Bodensee<\/h3><h2>Stellenangebote im Strandhotel L\u00f6chnerhaus<\/h2><div class='jobsWrapper'><div class='job'>\n\t\t\t<img src='https:\/\/loechnerhaus.de\/wp-content\/themes\/wp_custom_theme\/images\/3.jpg' alt='3' \/>\n\t\t\t\n\t\t\t<h4>Fr\u00fchst\u00fcckskraft (m\/w\/d)<\/h4>\n\t\t\t<p>Wenn Sie schon in den fr\u00fchen Morgenstunden mit einem sonnigen Gem\u00fct, Freundlichkeit und Arbeitseifer punkten k\u00f6nnen, sind Sie wie gemacht f\u00fcr diese Position.<\/p>\n\t\t\t<span><i class='icon calendar'><\/i>ab sofort<\/span><br>\n\t\t\t\n\t\t\t\n\t\t\t<a href='https:\/\/loechnerhaus.de\/job-detail\/?i=2200' class='moreLink'>Mehr lesen ><\/a>\n\t\t<\/div><div class='job'>\n\t\t\t<img src='https:\/\/loechnerhaus.de\/wp-content\/themes\/wp_custom_theme\/images\/5.jpg' alt='5' \/>\n\t\t\t\n\t\t\t<h4>Rezeptionsmitarbeiter (m\/w\/d)<\/h4>\n\t\t\t<p>Die Arbeit an der Rezeption ist stets abwechslungsreich und gelegentlich hektisch, aber nach getaner Arbeit wei\u00df man, dass man den G\u00e4sten etwas Gutes getan hat. Es wird nie langweilig und man sieht t\u00e4glich andere Gesichter.<\/p>\n\t\t\t<span><i class='icon calendar'><\/i>ab sofort<\/span><br>\n\t\t\t\n\t\t\t\n\t\t\t<a href='https:\/\/loechnerhaus.de\/job-detail\/?i=2209' class='moreLink'>Mehr lesen ><\/a>\n\t\t<\/div><div class='job'>\n\t\t\t<img src='https:\/\/loechnerhaus.de\/wp-content\/themes\/wp_custom_theme\/images\/1.jpg' alt='1' \/>\n\t\t\t\n\t\t\t<h4>B\u00fcfettkraft (m\/w\/d)<\/h4>\n\t\t\t<p>Wenn Sie auch in stressigen Situationen die Ruhe bewahren, sind Sie hier genau richtig.<\/p>\n\t\t\t<span><i class='icon calendar'><\/i>ab sofort<\/span><br>\n\t\t\t\n\t\t\t\n\t\t\t<a href='https:\/\/loechnerhaus.de\/job-detail\/?i=2628' class='moreLink'>Mehr lesen ><\/a>\n\t\t<\/div><div class='job'>\n\t\t\t<img src='https:\/\/loechnerhaus.de\/wp-content\/themes\/wp_custom_theme\/images\/2.jpg' alt='2' \/>\n\t\t\t\n\t\t\t<h4>Aushilfe (m\/w\/d) Teilzeit \/ 538,- \u20ac Basis<\/h4>\n\t\t\t<p>Als Aushilfe k\u00f6nnen Sie sich in dem jeweiligen Bereich von Ihrer besten Seite zeigen und Ihren Horizont erweitern.<\/p>\n\t\t\t<span><i class='icon calendar'><\/i>ab sofort<\/span><br>\n\t\t\t\n\t\t\t\n\t\t\t<a href='https:\/\/loechnerhaus.de\/job-detail\/?i=2626' class='moreLink'>Mehr lesen ><\/a>\n\t\t<\/div><div class='job'>\n\t\t\t<img src='https:\/\/loechnerhaus.de\/wp-content\/themes\/wp_custom_theme\/images\/8.jpg' alt='8' \/>\n\t\t\t\n\t\t\t<h4>Koch (m\/w\/d)<\/h4>\n\t\t\t<p>Sie versorgen ein Grundbed\u00fcrfnis aller Menschen. Sie machen satt und dabei soll&#8217;s vor allem gut schmecken. Ein guter Koch bereiten auch unter Zeitdruck k\u00f6stliche Men\u00fcs zu und wagt immer den Blick \u00fcber den Tellerrand.<\/p>\n\t\t\t<span><i class='icon calendar'><\/i>ab sofort<\/span><br>\n\t\t\t\n\t\t\t\n\t\t\t<a href='https:\/\/loechnerhaus.de\/job-detail\/?i=1108' class='moreLink'>Mehr lesen ><\/a>\n\t\t<\/div><div class='job'>\n\t\t\t<img src='https:\/\/loechnerhaus.de\/wp-content\/themes\/wp_custom_theme\/images\/6.jpg' alt='6' \/>\n\t\t\t\n\t\t\t<h4>Stationskellner (m\/w\/d)<\/h4>\n\t\t\t<p>Sie verf\u00fcgen \u00fcber ein gepflegtes, attraktives \u00c4u\u00dferes, Erfahrung im Service in der gehobenen Gastronomie, gute und sichere Umgangsformen, gute Kenntnisse der regionalen Weine und gute Fertigkeiten beim Arbeiten am Tisch des Gastes.<\/p>\n\t\t\t<span><i class='icon calendar'><\/i>ab sofort<\/span><br>\n\t\t\t\n\t\t\t\n\t\t\t<a href='https:\/\/loechnerhaus.de\/job-detail\/?i=1106' class='moreLink'>Mehr lesen ><\/a>\n\t\t<\/div><\/div>\t\t\t\t\t\t\t\t<\/div>\n\t\t\t\t<\/div>\n\t\t\t\t\t<\/div>\n\t\t<\/div>\n\t\t\t\t\t<\/div>\n\t\t<\/section>\n\t\t\t\t<section class=\"elementor-section elementor-top-section elementor-element elementor-element-3664774 jobsFormWrapper elementor-section-boxed elementor-section-height-default elementor-section-height-default\" data-id=\"3664774\" data-element_type=\"section\">\n\t\t\t\t\t\t<div class=\"elementor-container elementor-column-gap-default\">\n\t\t\t\t\t<div class=\"elementor-column elementor-col-100 elementor-top-column elementor-element elementor-element-05760e4\" data-id=\"05760e4\" data-element_type=\"column\">\n\t\t\t<div class=\"elementor-widget-wrap elementor-element-populated\">\n\t\t\t\t\t\t<section class=\"elementor-section elementor-inner-section elementor-element elementor-element-22af732 elementor-section-boxed elementor-section-height-default elementor-section-height-default\" data-id=\"22af732\" data-element_type=\"section\">\n\t\t\t\t\t\t<div class=\"elementor-container elementor-column-gap-default\">\n\t\t\t\t\t<div class=\"elementor-column elementor-col-50 elementor-inner-column elementor-element elementor-element-332e213\" data-id=\"332e213\" data-element_type=\"column\">\n\t\t\t<div class=\"elementor-widget-wrap elementor-element-populated\">\n\t\t\t\t\t\t<div class=\"elementor-element elementor-element-025ef8d elementor-widget elementor-widget-image\" data-id=\"025ef8d\" data-element_type=\"widget\" data-widget_type=\"image.default\">\n\t\t\t\t<div class=\"elementor-widget-container\">\n\t\t\t\t\t\t\t\t\t\t\t\t\t\t\t<img fetchpriority=\"high\" decoding=\"async\" width=\"815\" height=\"1175\" src=\"https:\/\/loechnerhaus.de\/wp-content\/uploads\/2021\/02\/shutterstock_132559529.jpg\" class=\"attachment-full size-full wp-image-1058\" alt=\"Koch, Job\" srcset=\"https:\/\/loechnerhaus.de\/wp-content\/uploads\/2021\/02\/shutterstock_132559529.jpg 815w, https:\/\/loechnerhaus.de\/wp-content\/uploads\/2021\/02\/shutterstock_132559529-347x500.jpg 347w, https:\/\/loechnerhaus.de\/wp-content\/uploads\/2021\/02\/shutterstock_132559529-710x1024.jpg 710w, https:\/\/loechnerhaus.de\/wp-content\/uploads\/2021\/02\/shutterstock_132559529-768x1107.jpg 768w\" sizes=\"(max-width: 815px) 100vw, 815px\" \/>\t\t\t\t\t\t\t\t\t\t\t\t\t\t\t<\/div>\n\t\t\t\t<\/div>\n\t\t\t\t\t<\/div>\n\t\t<\/div>\n\t\t\t\t<div class=\"elementor-column elementor-col-50 elementor-inner-column elementor-element elementor-element-86cd934 jobsForm\" data-id=\"86cd934\" data-element_type=\"column\">\n\t\t\t<div class=\"elementor-widget-wrap elementor-element-populated\">\n\t\t\t\t\t\t<div class=\"elementor-element elementor-element-ae9d662 elementor-widget elementor-widget-text-editor\" data-id=\"ae9d662\" data-element_type=\"widget\" data-widget_type=\"text-editor.default\">\n\t\t\t\t<div class=\"elementor-widget-container\">\n\t\t\t\t\t\t\t\t\t<h4>Ihre Online-Bewerbung<\/h4><p>\u00a0<\/p>\n<div class=\"wpcf7 no-js\" id=\"wpcf7-f2050-o1\" lang=\"de-DE\" dir=\"ltr\" data-wpcf7-id=\"2050\">\n<div class=\"screen-reader-response\"><p role=\"status\" aria-live=\"polite\" aria-atomic=\"true\"><\/p> <ul><\/ul><\/div>\n<form action=\"\/en\/wp-json\/wp\/v2\/pages\/1753#wpcf7-f2050-o1\" method=\"post\" class=\"wpcf7-form init\" aria-label=\"Kontaktformular\" novalidate=\"novalidate\" data-status=\"init\">\n<fieldset class=\"hidden-fields-container\"><input type=\"hidden\" name=\"_wpcf7\" value=\"2050\" \/><input type=\"hidden\" name=\"_wpcf7_version\" value=\"6.1.3\" \/><input type=\"hidden\" name=\"_wpcf7_locale\" value=\"de_DE\" \/><input type=\"hidden\" name=\"_wpcf7_unit_tag\" value=\"wpcf7-f2050-o1\" \/><input type=\"hidden\" name=\"_wpcf7_container_post\" value=\"0\" \/><input type=\"hidden\" name=\"_wpcf7_posted_data_hash\" value=\"\" \/><input type=\"hidden\" name=\"_wpcf7_recaptcha_response\" value=\"\" \/>\n<\/fieldset>\n<p><label> Dein Name<br \/>\n<span class=\"wpcf7-form-control-wrap\" data-name=\"your-name\"><input size=\"40\" maxlength=\"400\" class=\"wpcf7-form-control wpcf7-text wpcf7-validates-as-required\" aria-required=\"true\" aria-invalid=\"false\" value=\"\" type=\"text\" name=\"your-name\" \/><\/span> <\/label>\n<\/p>\n<p><label> Deine E-Mail-Adresse<br \/>\n<span class=\"wpcf7-form-control-wrap\" data-name=\"your-email\"><input size=\"40\" maxlength=\"400\" class=\"wpcf7-form-control wpcf7-email wpcf7-validates-as-required wpcf7-text wpcf7-validates-as-email\" aria-required=\"true\" aria-invalid=\"false\" value=\"\" type=\"email\" name=\"your-email\" \/><\/span> <\/label>\n<\/p>\n<p><label> Betreff<br \/>\n<span class=\"wpcf7-form-control-wrap\" data-name=\"your-subject\"><input size=\"40\" maxlength=\"400\" class=\"wpcf7-form-control wpcf7-text wpcf7-validates-as-required\" aria-required=\"true\" aria-invalid=\"false\" value=\"\" type=\"text\" name=\"your-subject\" \/><\/span> <\/label>\n<\/p>\n<p><label> Deine Nachricht (optional)<br \/>\n<span class=\"wpcf7-form-control-wrap\" data-name=\"your-message\"><textarea cols=\"40\" rows=\"10\" maxlength=\"2000\" class=\"wpcf7-form-control wpcf7-textarea\" aria-invalid=\"false\" name=\"your-message\"><\/textarea><\/span> <\/label>\n<\/p>\n<p><input class=\"wpcf7-form-control wpcf7-submit has-spinner\" type=\"submit\" value=\"Senden\" \/>\n<\/p><input type='hidden' class='wpcf7-pum' value='{\"closepopup\":false,\"closedelay\":0,\"openpopup\":false,\"openpopup_id\":0}' \/><div class=\"wpcf7-response-output\" aria-hidden=\"true\"><\/div>\n<\/form>\n<\/div>\n\t\t\t\t\t\t\t\t<\/div>\n\t\t\t\t<\/div>\n\t\t\t\t\t<\/div>\n\t\t<\/div>\n\t\t\t\t\t<\/div>\n\t\t<\/section>\n\t\t\t\t\t<\/div>\n\t\t<\/div>\n\t\t\t\t\t<\/div>\n\t\t<\/section>\n\t\t\t\t<\/div>\n\t\t","protected":false},"excerpt":{"rendered":"<p>Arbeiten im Strandhotel hidden Ausbildung und Stellenangebote Arbeiten, wo andere Urlaub machen Ob Dubai, New York, Hawaii, auf einem Kreuzfahrtschiff oder mitten am Bodensee \u2013 Ihre T\u00e4tigkeit in einer der sch\u00f6nsten Ferienregionen Deutschlands verbindet das abwechslungsreiche Arbeitsumfeld mit einem ganz besonderen Freizeit- und Erholungswert. Ihre m\u00f6glichen Perspektiven im Strandhotel L\u00f6chnerhaus sind vielf\u00e4ltig und jederzeit auf [&hellip;]<\/p>\n","protected":false},"author":4,"featured_media":0,"parent":0,"menu_order":0,"comment_status":"closed","ping_status":"closed","template":"elementor_theme","meta":{"_acf_changed":false,"footnotes":""},"class_list":["post-1753","page","type-page","status-publish","hentry"],"acf":[],"_links":{"self":[{"href":"https:\/\/loechnerhaus.de\/en\/wp-json\/wp\/v2\/pages\/1753","targetHints":{"allow":["GET"]}}],"collection":[{"href":"https:\/\/loechnerhaus.de\/en\/wp-json\/wp\/v2\/pages"}],"about":[{"href":"https:\/\/loechnerhaus.de\/en\/wp-json\/wp\/v2\/types\/page"}],"author":[{"embeddable":true,"href":"https:\/\/loechnerhaus.de\/en\/wp-json\/wp\/v2\/users\/4"}],"replies":[{"embeddable":true,"href":"https:\/\/loechnerhaus.de\/en\/wp-json\/wp\/v2\/comments?post=1753"}],"version-history":[{"count":2,"href":"https:\/\/loechnerhaus.de\/en\/wp-json\/wp\/v2\/pages\/1753\/revisions"}],"predecessor-version":[{"id":2497,"href":"https:\/\/loechnerhaus.de\/en\/wp-json\/wp\/v2\/pages\/1753\/revisions\/2497"}],"wp:attachment":[{"href":"https:\/\/loechnerhaus.de\/en\/wp-json\/wp\/v2\/media?parent=1753"}],"curies":[{"name":"wp","href":"https:\/\/api.w.org\/{rel}","templated":true}]}}